{"id":94,"date":"2018-11-17T05:23:27","date_gmt":"2018-11-17T05:23:27","guid":{"rendered":"https:\/\/claudias-haustierbetreuung.at\/?page_id=94"},"modified":"2025-11-08T07:10:03","modified_gmt":"2025-11-08T07:10:03","slug":"start","status":"publish","type":"page","link":"https:\/\/claudias-haustierbetreuung.at\/","title":{"rendered":"Betreuung zu Hause"},"content":{"rendered":"\n<div class=\"entry\">\n<p><span style=\"font-family: arial, helvetica, sans-serif;\">Sie m\u00fcssen ins Krankenhaus, zur Kur oder sind beruflich viel unterwegs?<\/span><\/p>\n<p><span style=\"font-family: arial, helvetica, sans-serif;\">Sie planen einen Urlaub, k\u00f6nnen aber Ihr Tier nicht mitnehme?<\/span><\/p>\n<p><span style=\"font-family: arial, helvetica, sans-serif;\">F\u00fcr solche oder \u00e4hnliche Situationen biete ich Ihnen die Zuhause-Betreuung an.<\/span><\/p>\n<p>\u00a0<\/p>\n<\/div>\n\n\n\n<p><\/p>\n\n\n<style type=\"text\/css\">\n#foogallery-gallery-100 .fg-image { width: 150px; }\n#foogallery-gallery-100 { --fg-gutter: 10px; }<\/style>\n\t\t\t<div class=\"foogallery foogallery-container foogallery-default foogallery-lightbox-foobox fg-center fg-default fg-ready fg-light fg-border-thin fg-shadow-outline fg-loading-default fg-loaded-fade-in fg-caption-hover fg-hover-fade fg-hover-zoom\" id=\"foogallery-gallery-100\" data-foogallery=\"{&quot;item&quot;:{&quot;showCaptionTitle&quot;:true,&quot;showCaptionDescription&quot;:true},&quot;lazy&quot;:true}\" style=\"--fg-title-line-clamp: 0; --fg-description-line-clamp: 0;\" >\n\t<div class=\"fg-item fg-type-image fg-idle\"><figure class=\"fg-item-inner\"><a href=\"https:\/\/claudias-haustierbetreuung.at\/wp-content\/uploads\/2018\/10\/img001.jpg\" target=\"foobox\" data-attachment-id=\"5\" data-type=\"image\" class=\"fg-thumb\"><span class=\"fg-image-wrap\"><img decoding=\"async\" width=\"150\" height=\"150\" class=\"skip-lazy fg-image\" data-src-fg=\"https:\/\/claudias-haustierbetreuung.at\/wp-content\/uploads\/cache\/2018\/10\/img001\/2259718582.jpg\" src=\"data:image\/svg+xml,%3Csvg%20xmlns%3D%22http%3A%2F%2Fwww.w3.org%2F2000%2Fsvg%22%20width%3D%22150%22%20height%3D%22150%22%20viewBox%3D%220%200%20150%20150%22%3E%3C%2Fsvg%3E\" loading=\"eager\"><\/span><span class=\"fg-image-overlay\"><\/span><\/a><\/figure><div class=\"fg-loader\"><\/div><\/div><div class=\"fg-item fg-type-image fg-idle\"><figure class=\"fg-item-inner\"><a href=\"https:\/\/claudias-haustierbetreuung.at\/wp-content\/uploads\/2018\/10\/img002.jpg\" data-attachment-id=\"6\" data-type=\"image\" class=\"fg-thumb\"><span class=\"fg-image-wrap\"><img decoding=\"async\" width=\"150\" height=\"150\" class=\"skip-lazy fg-image\" data-src-fg=\"https:\/\/claudias-haustierbetreuung.at\/wp-content\/uploads\/cache\/2018\/10\/img002\/2087055705.jpg\" src=\"data:image\/svg+xml,%3Csvg%20xmlns%3D%22http%3A%2F%2Fwww.w3.org%2F2000%2Fsvg%22%20width%3D%22150%22%20height%3D%22150%22%20viewBox%3D%220%200%20150%20150%22%3E%3C%2Fsvg%3E\" loading=\"eager\"><\/span><span class=\"fg-image-overlay\"><\/span><\/a><\/figure><div class=\"fg-loader\"><\/div><\/div><div class=\"fg-item fg-type-image fg-idle\"><figure class=\"fg-item-inner\"><a href=\"https:\/\/claudias-haustierbetreuung.at\/wp-content\/uploads\/2018\/10\/img003.jpg\" data-attachment-id=\"7\" data-type=\"image\" class=\"fg-thumb\"><span class=\"fg-image-wrap\"><img decoding=\"async\" width=\"150\" height=\"150\" class=\"skip-lazy fg-image\" data-src-fg=\"https:\/\/claudias-haustierbetreuung.at\/wp-content\/uploads\/cache\/2018\/10\/img003\/707342076.jpg\" src=\"data:image\/svg+xml,%3Csvg%20xmlns%3D%22http%3A%2F%2Fwww.w3.org%2F2000%2Fsvg%22%20width%3D%22150%22%20height%3D%22150%22%20viewBox%3D%220%200%20150%20150%22%3E%3C%2Fsvg%3E\" loading=\"eager\"><\/span><span class=\"fg-image-overlay\"><\/span><\/a><\/figure><div class=\"fg-loader\"><\/div><\/div><div class=\"fg-item fg-type-image fg-idle\"><figure class=\"fg-item-inner\"><a href=\"https:\/\/claudias-haustierbetreuung.at\/wp-content\/uploads\/2018\/10\/img008.jpg\" target=\"foobox\" data-attachment-id=\"8\" data-type=\"image\" class=\"fg-thumb\"><span class=\"fg-image-wrap\"><img decoding=\"async\" width=\"150\" height=\"150\" class=\"skip-lazy fg-image\" data-src-fg=\"https:\/\/claudias-haustierbetreuung.at\/wp-content\/uploads\/cache\/2018\/10\/img008\/151113687.jpg\" src=\"data:image\/svg+xml,%3Csvg%20xmlns%3D%22http%3A%2F%2Fwww.w3.org%2F2000%2Fsvg%22%20width%3D%22150%22%20height%3D%22150%22%20viewBox%3D%220%200%20150%20150%22%3E%3C%2Fsvg%3E\" loading=\"eager\"><\/span><span class=\"fg-image-overlay\"><\/span><\/a><\/figure><div class=\"fg-loader\"><\/div><\/div><\/div>\n\n\n\n\n<p><span style=\"font-family: arial, helvetica, sans-serif;\">Katzen z.b lieben ihre gewohnte Umgebung, Orte und Gegenst\u00e4nde, die ihnen vertraut sind. Die beste L\u00f6sung ist die Betreuung der Stubentiger bei Ihnen zu Hause. Sie bleiben in Ihrer gewohnten Umgebung, werden t\u00e4glich gef\u00fcttert, die Wassergabe ist gesichert und die Katzentoilette wird gereinigt. Auf Wunsch werden sie auch ihren gewohnten Freigang erhalten. Streicheleinheiten d\u00fcrfen nat\u00fcrlich auch nicht fehlen. Dies ist f\u00fcr die Katze stressfrei und Sie k\u00f6nnen sich sicher sein, dass es Ihrem Liebling gut geht.<\/span><\/p>\n\n\n\n<p><span style=\"font-family: arial, helvetica, sans-serif;\">Gerne \u00fcbernehme ich f\u00fcr Sie s\u00e4mtliche Eink\u00e4ufe rund ums Haustier. Auch Spezialfutter, welches nur beim Tierarzt erh\u00e4ltlich ist, hole ich ab und bringe es zu Ihnen nach Hause.<\/span><\/p>\n\n\n\n<p><span style=\"font-family: arial, helvetica, sans-serif;\"><strong>Urlaube<\/strong><\/span><br><br><span style=\"font-family: arial, helvetica, sans-serif;\">Wie jedes Jahr gebe ich auch meine Urlaube bekannt:<\/span><br>24.01 bis 01.02.2026<br>08.03 bis 29.03.2026<br>13.06 bis 30.06.2026<br>01.11 bis 10.11.2026<\/p>\n\n\n\n<p><span style=\"font-family: arial, helvetica, sans-serif;\">NEU: An Sonn- und Feiertragen gibt es nur mehr die M\u00f6glichkeit einer Einfachbetreuung (1x\/Tag) morgens. Ausgenommen sind dringende Medikamenteneingaben wie zB Insulin oder Herzmedikamente.<\/span><\/p>\n\n\n\n<p><span style=\"font-family: arial, helvetica, sans-serif;\">Dies gilt f\u00fcr alle gesetzlichen Feiertage sowie zus\u00e4tzlich den 02.01.<\/span><\/p>\n\n\n\n<p><strong><span style=\"font-family: arial, helvetica, sans-serif;\">Betreuungsgebiete: Linz, Linz-Land, Urfahr und Urfahr Umgebung. Andere Gebiete auf Anfrage!<\/span><\/strong><\/p>\n\n\n\n<p><\/p>\n","protected":false},"excerpt":{"rendered":"<p>Sie m\u00fcssen ins Krankenhaus, zur Kur oder sind beruflich viel unterwegs? Sie planen einen Urlaub, k\u00f6nnen aber Ihr Tier nicht mitnehme? F\u00fcr solche oder \u00e4hnliche Situationen biete ich Ihnen die Zuhause-Betreuung an. \u00a0 Katzen z.b lieben ihre gewohnte Umgebung, Orte und Gegenst\u00e4nde, die ihnen vertraut sind. Die beste L\u00f6sung ist die Betreuung der Stubentiger bei [&hellip;]<\/p>\n","protected":false},"author":1,"featured_media":0,"parent":0,"menu_order":0,"comment_status":"closed","ping_status":"closed","template":"","meta":{"footnotes":""},"class_list":["post-94","page","type-page","status-publish","hentry"],"_links":{"self":[{"href":"https:\/\/claudias-haustierbetreuung.at\/index.php?rest_route=\/wp\/v2\/pages\/94","targetHints":{"allow":["GET"]}}],"collection":[{"href":"https:\/\/claudias-haustierbetreuung.at\/index.php?rest_route=\/wp\/v2\/pages"}],"about":[{"href":"https:\/\/claudias-haustierbetreuung.at\/index.php?rest_route=\/wp\/v2\/types\/page"}],"author":[{"embeddable":true,"href":"https:\/\/claudias-haustierbetreuung.at\/index.php?rest_route=\/wp\/v2\/users\/1"}],"replies":[{"embeddable":true,"href":"https:\/\/claudias-haustierbetreuung.at\/index.php?rest_route=%2Fwp%2Fv2%2Fcomments&post=94"}],"version-history":[{"count":13,"href":"https:\/\/claudias-haustierbetreuung.at\/index.php?rest_route=\/wp\/v2\/pages\/94\/revisions"}],"predecessor-version":[{"id":405,"href":"https:\/\/claudias-haustierbetreuung.at\/index.php?rest_route=\/wp\/v2\/pages\/94\/revisions\/405"}],"wp:attachment":[{"href":"https:\/\/claudias-haustierbetreuung.at\/index.php?rest_route=%2Fwp%2Fv2%2Fmedia&parent=94"}],"curies":[{"name":"wp","href":"https:\/\/api.w.org\/{rel}","templated":true}]}}