{"id":9,"date":"2018-10-09T15:54:14","date_gmt":"2018-10-09T15:54:14","guid":{"rendered":"http:\/\/claudias-haustierbetreuung.at\/?page_id=9"},"modified":"2018-11-23T15:27:24","modified_gmt":"2018-11-23T15:27:24","slug":"ueber-mich","status":"publish","type":"page","link":"https:\/\/claudias-haustierbetreuung.at\/?page_id=9","title":{"rendered":"\u00dcber mich"},"content":{"rendered":"<p class=\"text\">Tiere waren immer schon ein sehr wichtiger Teil in meinem Leben. Ich bin auch mit Tieren aller Art aufgewachsen.<\/p>\r\n<p class=\"text\">Eigentlich wollte ich immer schon mit bzw. f\u00fcr Tiere arbeiten, aber so richtig geklappt hat das erst vor ca. 8 Jahren.<\/p>\r\n<p class=\"text\">Als ich nach einem Arbeitsunfall 2002 in meinem damaligen Beruf nicht weiterarbeiten konnte, besuchte ich den Kurs f\u00fcr TierarzthelferInnen im BFI und konnte schlie\u00dflich 2003 endlich mein Hobby zum Beruf machen. Bis 2009 arbeitete ich dann in einer Tierarztpraxis in Urfahr. Aufp\u00e4ppeln von Tieren, Assistenz bei Operationen, Futtermittelberatung usw. waren genau das Richtige f\u00fcr mich.<\/p>\r\n<p>&nbsp;<\/p>\r\n<style type=\"text\/css\">\n#foogallery-gallery-146 .fg-image { width: 150px; }\n#foogallery-gallery-146 { --fg-gutter: 10px; }<\/style>\n\t\t\t<div class=\"foogallery foogallery-container foogallery-default foogallery-lightbox-foobox fg-center fg-default fg-ready fg-light fg-border-thin fg-shadow-outline fg-loading-default fg-loaded-fade-in fg-caption-hover fg-hover-fade fg-hover-zoom\" id=\"foogallery-gallery-146\" data-foogallery=\"{&quot;item&quot;:{&quot;showCaptionTitle&quot;:true,&quot;showCaptionDescription&quot;:true},&quot;lazy&quot;:true}\" style=\"--fg-title-line-clamp: 0; --fg-description-line-clamp: 0;\" >\n\t<div class=\"fg-item fg-type-image fg-idle\"><figure class=\"fg-item-inner\"><a href=\"https:\/\/claudias-haustierbetreuung.at\/wp-content\/uploads\/2018\/11\/img005.jpg\" data-attachment-id=\"144\" data-type=\"image\" class=\"fg-thumb\"><span class=\"fg-image-wrap\"><img decoding=\"async\" width=\"150\" height=\"150\" class=\"skip-lazy fg-image\" data-src-fg=\"https:\/\/claudias-haustierbetreuung.at\/wp-content\/uploads\/cache\/2018\/11\/img005\/3794423963.jpg\" src=\"data:image\/svg+xml,%3Csvg%20xmlns%3D%22http%3A%2F%2Fwww.w3.org%2F2000%2Fsvg%22%20width%3D%22150%22%20height%3D%22150%22%20viewBox%3D%220%200%20150%20150%22%3E%3C%2Fsvg%3E\" loading=\"eager\"><\/span><span class=\"fg-image-overlay\"><\/span><\/a><\/figure><div class=\"fg-loader\"><\/div><\/div><div class=\"fg-item fg-type-image fg-idle\"><figure class=\"fg-item-inner\"><a href=\"https:\/\/claudias-haustierbetreuung.at\/wp-content\/uploads\/2018\/11\/img007.jpg\" target=\"foobox\" data-attachment-id=\"145\" data-type=\"image\" class=\"fg-thumb\"><span class=\"fg-image-wrap\"><img decoding=\"async\" width=\"150\" height=\"150\" class=\"skip-lazy fg-image\" data-src-fg=\"https:\/\/claudias-haustierbetreuung.at\/wp-content\/uploads\/cache\/2018\/11\/img007\/988383453.jpg\" src=\"data:image\/svg+xml,%3Csvg%20xmlns%3D%22http%3A%2F%2Fwww.w3.org%2F2000%2Fsvg%22%20width%3D%22150%22%20height%3D%22150%22%20viewBox%3D%220%200%20150%20150%22%3E%3C%2Fsvg%3E\" loading=\"eager\"><\/span><span class=\"fg-image-overlay\"><\/span><\/a><\/figure><div class=\"fg-loader\"><\/div><\/div><\/div>\n\r\n<p>&nbsp;<\/p>\r\n<p class=\"text\">Zu dieser Zeit erfuhr und lernte ich sehr viel \u00fcber Verhalten und Krankheiten unserer lieben Zeitgenossen.<\/p>\r\n<p class=\"text\">Im Jahr 2009 entschloss ich mich, die Praxis zu wechseln, um mein Wissen in einer Tierklinik in Linz noch weiter auszubauen.<\/p>\r\n<p class=\"text\">Bereits im Laufe des Jahres 2010 begann sich eine neue Idee zu entwickeln.<\/p>\r\n<p class=\"text\">Da ich von vielen Tierbesitzern immer wieder h\u00f6rte, dass es schwierig sei, eine Betreuung f\u00fcr ihre Lieblinge zu finden, wenn sie auf Urlaub fahren oder ins Krankenhaus m\u00fcssen, oder kein Auto zur Verf\u00fcgung steht, wenn das Tier zum Tierarzt muss, entschloss ich mich, den Schritt in die Selbst\u00e4ndigkeit zu wagen und genau diese Dienste anzubieten.<\/p>\r\n<ul>\r\n\t<li class=\"text\">Betreuung der Tiere zu Hause in den gewohnten 4 W\u00e4nden, w\u00e4hrend der Tierbesitzer seinen Urlaub genie\u00dft, oder ins Krankenhaus muss, oder sich auf Dienstreise befindet, etc.<\/li>\r\n\t<li class=\"text\">Medikamente oder Spezial-Futtermittel vom Tierarzt holen und nach Hause liefern<\/li>\r\n\t<li class=\"text\">Das Tier zum Tierarzt bringen und wieder nach Hause<\/li>\r\n\t<li class=\"text\">Erledigung von Eink\u00e4ufen f\u00fcr das Tier<\/li>\r\n<\/ul>\r\n<p class=\"text\">Durch meine Ausbildung bzw. die langj\u00e4hrige Erfahrung durch meine Arbeit in Tierarztpraxis bzw. Tierklinik habe ich nat\u00fcrlich w\u00e4hrend Ihrer Abwesenheit immer ein geschultes Auge auf Ihren Liebling und kann bei eventuell auftretenden Krankheiten o.\u00e4. sofort reagieren.<br \/>\r\nEs ist auch m\u00f6glich, w\u00e4hrend Ihrer Abwesenheit einen \u201eRundumservice\u201c bei Ihrem Tier \/ Ihren Tieren anzubieten, wie z.B. Krallenschneiden, Fellpflege, Fahrt zum Tierarzt zum Impfen und\/oder Entwurmen, etc.<\/p>\r\n<style type=\"text\/css\">\n#foogallery-gallery-147 .fg-image { width: 250px; }\n#foogallery-gallery-147 { --fg-gutter: 10px; }<\/style>\n\t\t\t<div class=\"foogallery foogallery-container foogallery-default foogallery-lightbox-foobox fg-center fg-default fg-ready fg-light fg-border-thin fg-shadow-outline fg-loading-default fg-loaded-fade-in fg-caption-hover fg-hover-fade fg-hover-zoom\" id=\"foogallery-gallery-147\" data-foogallery=\"{&quot;item&quot;:{&quot;showCaptionTitle&quot;:true,&quot;showCaptionDescription&quot;:true},&quot;lazy&quot;:true}\" style=\"--fg-title-line-clamp: 0; --fg-description-line-clamp: 0;\" >\n\t<div class=\"fg-item fg-type-image fg-idle\"><figure class=\"fg-item-inner\"><a href=\"https:\/\/claudias-haustierbetreuung.at\/wp-content\/uploads\/2018\/11\/img004.jpg\" target=\"foobox\" data-attachment-id=\"143\" data-type=\"image\" class=\"fg-thumb\"><span class=\"fg-image-wrap\"><img fetchpriority=\"high\" decoding=\"async\" width=\"250\" height=\"250\" class=\"skip-lazy fg-image\" data-src-fg=\"https:\/\/claudias-haustierbetreuung.at\/wp-content\/uploads\/cache\/2018\/11\/img004\/3024173545.jpg\" src=\"data:image\/svg+xml,%3Csvg%20xmlns%3D%22http%3A%2F%2Fwww.w3.org%2F2000%2Fsvg%22%20width%3D%22250%22%20height%3D%22250%22%20viewBox%3D%220%200%20250%20250%22%3E%3C%2Fsvg%3E\" loading=\"eager\"><\/span><span class=\"fg-image-overlay\"><\/span><\/a><\/figure><div class=\"fg-loader\"><\/div><\/div><\/div>\n\r\n<h2><strong>Tiere sind mein Leben \u2013 es gibt nichts Sch\u00f6neres!<\/strong><\/h2>\r\n<p><span class=\"text\">\u00a0<\/span><\/p>","protected":false},"excerpt":{"rendered":"<p>Tiere waren immer schon ein sehr wichtiger Teil in meinem Leben. Ich bin auch mit Tieren aller Art aufgewachsen. Eigentlich wollte ich immer schon mit bzw. f\u00fcr Tiere arbeiten, aber so richtig geklappt hat das erst vor ca. 8 Jahren. Als ich nach einem Arbeitsunfall 2002 in meinem damaligen Beruf nicht weiterarbeiten konnte, besuchte ich [&hellip;]<\/p>\n","protected":false},"author":1,"featured_media":0,"parent":0,"menu_order":0,"comment_status":"closed","ping_status":"closed","template":"","meta":{"footnotes":""},"class_list":["post-9","page","type-page","status-publish","hentry"],"_links":{"self":[{"href":"https:\/\/claudias-haustierbetreuung.at\/index.php?rest_route=\/wp\/v2\/pages\/9","targetHints":{"allow":["GET"]}}],"collection":[{"href":"https:\/\/claudias-haustierbetreuung.at\/index.php?rest_route=\/wp\/v2\/pages"}],"about":[{"href":"https:\/\/claudias-haustierbetreuung.at\/index.php?rest_route=\/wp\/v2\/types\/page"}],"author":[{"embeddable":true,"href":"https:\/\/claudias-haustierbetreuung.at\/index.php?rest_route=\/wp\/v2\/users\/1"}],"replies":[{"embeddable":true,"href":"https:\/\/claudias-haustierbetreuung.at\/index.php?rest_route=%2Fwp%2Fv2%2Fcomments&post=9"}],"version-history":[{"count":7,"href":"https:\/\/claudias-haustierbetreuung.at\/index.php?rest_route=\/wp\/v2\/pages\/9\/revisions"}],"predecessor-version":[{"id":149,"href":"https:\/\/claudias-haustierbetreuung.at\/index.php?rest_route=\/wp\/v2\/pages\/9\/revisions\/149"}],"wp:attachment":[{"href":"https:\/\/claudias-haustierbetreuung.at\/index.php?rest_route=%2Fwp%2Fv2%2Fmedia&parent=9"}],"curies":[{"name":"wp","href":"https:\/\/api.w.org\/{rel}","templated":true}]}}