{"id":49,"date":"2018-10-09T16:00:23","date_gmt":"2018-10-09T16:00:23","guid":{"rendered":"http:\/\/claudias-haustierbetreuung.at\/?page_id=49"},"modified":"2018-11-21T05:24:11","modified_gmt":"2018-11-21T05:24:11","slug":"impressum-2","status":"publish","type":"page","link":"https:\/\/claudias-haustierbetreuung.at\/?page_id=49","title":{"rendered":"Impressum"},"content":{"rendered":"<p>Claudias Haustierbetreuung<br \/>\r\nClaudia Brunner<br \/>\r\nStelzhammerstrasse 10<br \/>\r\n4050 Traun<\/p>\r\n<p><strong>Unternehmensgegenstand:<\/strong>\u00a0Dienstleistungen<\/p>\r\n<p><strong>Tel.:<\/strong>\u00a00664\/4636516<br \/>\r\n<strong>E-Mail:<\/strong>\u00a0<a href=\"mailto:fuzzy1@gmx.at\">fuzzy1@gmx.at<\/a><\/p>\r\n<p><strong>Mitglied bei:<\/strong>\u00a0WKO, Landesinnung, etc.<br \/>\r\n<strong>Berufsrecht:<\/strong>\u00a0Gewerbeordnung: www.ris.bka.gv.at<\/p>\r\n<p><strong>Aufsichtsbeh\u00f6rde\/Gewerbebeh\u00f6rde:<\/strong>\u00a0Bezirkshauptmannschaft Linz Land<br \/>\r\n<strong>Verleihungsstaat:<\/strong>\u00a0\u00d6sterreich<\/p>\r\n<p>Angaben zur Online-Streitbeilegung: Verbraucher haben die M\u00f6glichkeit, Beschwerden an die OnlineStreitbeilegungsplattform der EU zu richten:\u00a0<a class=\"external\" href=\"https:\/\/webgate.ec.europa.eu\/odr\/main\/index.cfm?event=main.home.show&amp;lng=DE\" target=\"_blank\" rel=\"noopener noreferrer nofollow\">http:\/\/ec.europa.eu\/odr<\/a>. Sie k\u00f6nnen allf\u00e4llige Beschwerde auch an die oben angegebene E-Mail-Adresse richten.<\/p>\r\n<h2>Haftungsausschluss<\/h2>\r\n<p>Dieser Haftungsausschluss ist als Teil des Internetangebotes zu betrachten, von dem aus auf diese Webseite\u00a0verwiesen wurde. Sofern Teile oder einzelne Formulierungen dieses Textes der geltenden Rechtslage nicht, nicht mehr oder nicht vollst\u00e4ndig entsprechen sollten, bleiben die \u00fcbrigen Teile des Dokumentes in ihrem Inhalt und ihrer G\u00fcltigkeit davon unber\u00fchrt.<\/p>\r\n<h3>Haftung f\u00fcr Inhalte dieser Webseite<\/h3>\r\n<p>Die Inhalte unserer Seiten wurden mit gr\u00f6\u00dfter Sorgfalt erstellt. F\u00fcr die Richtigkeit, Vollst\u00e4ndigkeit und Aktualit\u00e4t der Inhalte k\u00f6nnen wir jedoch keine Gew\u00e4hr \u00fcbernehmen. Als Diensteanbieter sind wir f\u00fcr eigene Inhalte auf diesen Seiten nach den allgemeinen Gesetzen verantwortlich. Wir sind jedoch nicht verpflichtet, \u00fcbermittelte oder gespeicherte fremde Informationen zu \u00fcberwachen oder nach Umst\u00e4nden zu forschen, die auf eine rechtswidrige T\u00e4tigkeit hinweisen. Verpflichtungen zur Entfernung oder Sperrung der Nutzung von Informationen nach den allgemeinen Gesetzen bleiben hiervon unber\u00fchrt. Eine diesbez\u00fcgliche Haftung ist jedoch erst ab dem Zeitpunkt der Kenntnis einer konkreten Rechtsverletzung m\u00f6glich. Bei Bekanntwerden von entsprechenden Rechtsverletzungen werden wir diese Inhalte umgehend entfernen.<\/p>\r\n<h3>Haftung f\u00fcr Links auf Webseiten Dritter<\/h3>\r\n<p>Unser Angebot enth\u00e4lt Links zu externen Websites. Auf den Inhalt dieser externen Webseiten haben wir keinerlei Einfluss. Deshalb k\u00f6nnen wir f\u00fcr diese fremden Inhalte auch keine Gew\u00e4hr \u00fcbernehmen. F\u00fcr die Inhalte der verlinkten Seiten ist stets der jeweilige Anbieter oder Betreiber der Seiten verantwortlich. Die verlinkten Seiten wurden zum Zeitpunkt der Verlinkung auf m\u00f6gliche Rechtsverst\u00f6\u00dfe \u00fcberpr\u00fcft. Rechtswidrige Inhalte waren zum Zeitpunkt der Verlinkung nicht erkennbar. Eine permanente inhaltliche Kontrolle der verlinkten Seiten ist jedoch ohne konkrete Anhaltspunkte einer Rechtsverletzung nicht zumutbar. Bei Bekanntwerden von Rechtsverletzungen werden wir derartige Links umgehend entfernen.<\/p>\r\n<h3>Urheberrecht<\/h3>\r\n<p>Die Betreiber dieser Webseite\u00a0sind bem\u00fcht, stets die Urheberrechte anderer zu beachten bzw. auf selbst erstellte sowie lizenzfreie Werke zur\u00fcckzugreifen. Die durch die Seitenbetreiber erstellten Inhalte und Werke auf dieser Webseite unterliegen dem Urheberrecht. Beitr\u00e4ge Dritter sind als solche gekennzeichnet. Die Vervielf\u00e4ltigung, Bearbeitung, Verbreitung und jede Art der Verwertung au\u00dferhalb der Grenzen des Urheberrechtes bed\u00fcrfen der schriftlichen Zustimmung des jeweiligen Autors bzw. Erstellers. Downloads und Kopien dieser Seite sind nur f\u00fcr den privaten, nicht kommerziellen Gebrauch gestattet.<\/p>\r\n<h2>Datenschutzerkl\u00e4rung<\/h2>\r\n<p>Wir legen gro\u00dfen Wert auf den Schutz Ihrer Daten. Um Sie in vollem Umfang \u00fcber die Verwendung personenbezogener Daten zu informieren, bitten wir Sie die folgenden Datenschutzhinweise zur Kenntnis zu nehmen.<\/p>\r\n<h3>Pers\u00f6nliche Daten<\/h3>\r\n<p>Pers\u00f6nliche Daten, die Sie auf dieser\u00a0Website elektronisch \u00fcbermitteln, wie zum Beispiel Name, E-Mail-Adresse, Adresse\u00a0oder andere pers\u00f6nlichen Angaben, werden von uns nur zum jeweils angegebenen Zweck verwendet, sicher verwahrt und nicht an Dritte weitergegeben. Der Provider erhebt und speichert automatisch Informationen am Webserver wie verwendeter Browser, Betriebssystem, Verweisseite, IP-Adresse, Uhrzeit des Zugriffs usw. Diese Daten k\u00f6nnen ohne Pr\u00fcfung weiterer Datenquellen keinen bestimmten Personen zugeordnet werden und wir werten diese Daten auch nicht weiter aus solange keine rechtswidrige Nutzung unserer Webseite vorliegt.<\/p>\r\n<h3>Auskunftsrecht<\/h3>\r\n<p>Sie haben jederzeit das Recht auf Auskunft \u00fcber die bez\u00fcglich Ihrer Person gespeicherten Daten, deren Herkunft und Empf\u00e4nger sowie den Zweck der Speicherung<\/p>","protected":false},"excerpt":{"rendered":"<p>Claudias Haustierbetreuung Claudia Brunner Stelzhammerstrasse 10 4050 Traun Unternehmensgegenstand:\u00a0Dienstleistungen Tel.:\u00a00664\/4636516 E-Mail:\u00a0fuzzy1@gmx.at Mitglied bei:\u00a0WKO, Landesinnung, etc. Berufsrecht:\u00a0Gewerbeordnung: www.ris.bka.gv.at Aufsichtsbeh\u00f6rde\/Gewerbebeh\u00f6rde:\u00a0Bezirkshauptmannschaft Linz Land Verleihungsstaat:\u00a0\u00d6sterreich Angaben zur Online-Streitbeilegung: Verbraucher haben die M\u00f6glichkeit, Beschwerden an die OnlineStreitbeilegungsplattform der EU zu richten:\u00a0http:\/\/ec.europa.eu\/odr. Sie k\u00f6nnen allf\u00e4llige Beschwerde auch an die oben angegebene E-Mail-Adresse richten. Haftungsausschluss Dieser Haftungsausschluss ist als Teil des Internetangebotes [&hellip;]<\/p>\n","protected":false},"author":1,"featured_media":0,"parent":27,"menu_order":0,"comment_status":"closed","ping_status":"closed","template":"","meta":{"footnotes":""},"class_list":["post-49","page","type-page","status-publish","hentry"],"_links":{"self":[{"href":"https:\/\/claudias-haustierbetreuung.at\/index.php?rest_route=\/wp\/v2\/pages\/49","targetHints":{"allow":["GET"]}}],"collection":[{"href":"https:\/\/claudias-haustierbetreuung.at\/index.php?rest_route=\/wp\/v2\/pages"}],"about":[{"href":"https:\/\/claudias-haustierbetreuung.at\/index.php?rest_route=\/wp\/v2\/types\/page"}],"author":[{"embeddable":true,"href":"https:\/\/claudias-haustierbetreuung.at\/index.php?rest_route=\/wp\/v2\/users\/1"}],"replies":[{"embeddable":true,"href":"https:\/\/claudias-haustierbetreuung.at\/index.php?rest_route=%2Fwp%2Fv2%2Fcomments&post=49"}],"version-history":[{"count":3,"href":"https:\/\/claudias-haustierbetreuung.at\/index.php?rest_route=\/wp\/v2\/pages\/49\/revisions"}],"predecessor-version":[{"id":142,"href":"https:\/\/claudias-haustierbetreuung.at\/index.php?rest_route=\/wp\/v2\/pages\/49\/revisions\/142"}],"up":[{"embeddable":true,"href":"https:\/\/claudias-haustierbetreuung.at\/index.php?rest_route=\/wp\/v2\/pages\/27"}],"wp:attachment":[{"href":"https:\/\/claudias-haustierbetreuung.at\/index.php?rest_route=%2Fwp%2Fv2%2Fmedia&parent=49"}],"curies":[{"name":"wp","href":"https:\/\/api.w.org\/{rel}","templated":true}]}}