{"id":182,"date":"2018-11-24T05:57:11","date_gmt":"2018-11-24T05:57:11","guid":{"rendered":"https:\/\/claudias-haustierbetreuung.at\/?page_id=182"},"modified":"2018-11-24T05:58:07","modified_gmt":"2018-11-24T05:58:07","slug":"giftpflanzen","status":"publish","type":"page","link":"https:\/\/claudias-haustierbetreuung.at\/?page_id=182","title":{"rendered":"Giftpflanzen"},"content":{"rendered":"<p class=\"text\"><strong>Vorsicht, giftige Zimmerpflanzen! <\/strong><\/p>\r\n<p class=\"text\">Wir k\u00f6nnen oft Katzen oder Hunde bei der Aufnahme von Pflanzen, vor allem von Gras beobachten. Warum sie dies tun, ist nicht sicher gekl\u00e4rt. Den Hunden sagt man nach, sie wollten damit den Magen &#8220;reinigen&#8221;. Bei der Katze sollen die pflanzlichen Fasern die Ausscheidung von Haarballen f\u00f6rdern und sie mit Mineralien und Vitaminen versorgen. Manche Katzen &#8211; vor allem reine Wohnungskatzen &#8211; fressen Pflanzen offenbar auch aus Langeweile oder Spieltrieb. Bei Katzen sind daher Vergiftungen durch Zimmerpflanzen h\u00e4ufig.<\/p>\r\n<p class=\"text\">Zu den Wolfsmilchgew\u00e4chsen (Euphorbien) geh\u00f6ren der weit bekannte <strong>Weihnachtsstern<\/strong>, sowie <strong>Christusdorn<\/strong> und Wunderstrauch (<strong>Krotonpflanze<\/strong>). Die giftigen Inhaltsstoffe dieser Pflanzen befinden sich in ihrem Milchsaft. Seine Aufnahme f\u00fchrt zu starkem Erbrechen, Durchfall, Bewusstseinsst\u00f6rungen und enden bisweilen t\u00f6dlich.<\/p>\r\n<p class=\"text\"><strong>Philodendron<\/strong> und <strong>Efeu<\/strong> k\u00f6nnen ebenfalls t\u00f6dliche Vergiftungen hervorrufen. Neben einer Schleimhautreizung und starkem Speicheln treten als Vergiftungssymptome Teilnahmslosigkeit, Temperaturerh\u00f6hung, Nervosit\u00e4t und Zittern auf. Schlie\u00dflich versagen Leber und Niere. Die wiederholte Aufnahme geringer Mengen summiert sich im Laufe der Zeit in ihrer Schadwirkung, so dass sich die Erkrankung \u00fcber Monate hinziehen kann.<\/p>\r\n<p class=\"text\">Als hauptverantwortlich f\u00fcr die Schadwirkung von <strong>Dieffenbachie<\/strong> und <strong>Calla<\/strong> gelten nadelf\u00f6rmige Kalziumkristalle, die schon bei einer leichten Verletzung der Pflanzenzellen mit dem Zellinhalt herausschie\u00dfen. Gelangen sie auf die Maulschleimh\u00e4ute, kommt es zu R\u00f6tungen und Schwellungen, verbunden mit Juckreiz, brennenden Schmerzen und starkem Speichelfluss. Gelegentlich werden Atmung und Schlucken beeintr\u00e4chtigt. Die Symptome k\u00f6nnen bis zu einer Woche andauern. Da sie sehr schnell einsetzen, werden kaum gr\u00f6\u00dfere Mengen der Pflanzen aufgenommen. Sch\u00e4digungen der Magen- Darm- Schleimhaut finden sich deshalb seltener. Spritzt der Pflanzensaft ins Auge, sind Lidkrampf, massiver Tr\u00e4nenfluss und eine heftige Bindehautentz\u00fcndung die Folge.<\/p>\r\n<p class=\"text\">Die <strong>Topfazalee<\/strong> geh\u00f6rt zu den Rhododendrengew\u00e4chsen und besitzt wie die im Garten gepflanzten Zierstr\u00e4ucher, Giftstoffe in Bl\u00fcten und Bl\u00e4ttern. Sie bewirken zun\u00e4chst w\u00e4ssrigen Augen- und Nasenausfluss, Brennen auf den Schleimh\u00e4uten, Erbrechen und Durchfall. Im weiteren Verlauf kommt es zu Blutdruckabfall, Bewegungsst\u00f6rungen, Kr\u00e4mpfen, L\u00e4hmungen und schlie\u00dflich zum Herzversagen.<\/p>\r\n<p class=\"text\">Von den <strong>Primeln<\/strong> enth\u00e4lt die als Zimmerpflanze h\u00e4ufig anzutreffende Becherprimel das sogenannte Primelgift &#8220;Primin&#8221; in h\u00f6chster Konzentration. Sie wird daher auch Giftprimel genannt. Der Kontakt mit dem gelblich-gr\u00fcnen Sekret der Pflanze f\u00fchrt zu starker Reizung und Entz\u00fcndung der Schleimh\u00e4ute im Maul und Verdauungstrakt. Beim Menschen kann er eine als &#8220;Primeldermatitis&#8221; bezeichnete schwere Hautentz\u00fcndung hervorrufen.<\/p>\r\n<p class=\"text\">Das <strong>Korallenb\u00e4umchen<\/strong> (Korallenkirsche) ist ein Vertreter der Nachtschattengew\u00e4chse. Die Giftstoffe sind in allen Pflanzenteilen enthalten. Vergiftungen \u00e4u\u00dfern sich durch Erbrechen, Kolik, Pupillenerweiterung und Kreislaufst\u00f6rungen. In schweren F\u00e4llen tritt der Tod durch Ateml\u00e4hmung ein.<br \/>\r\n<br \/>\r\nDie <strong>Gr\u00fcnlilie<\/strong> ist zwar nicht direkt giftig f\u00fcr die Katze, doch enthalten ihre jungen Bl\u00e4tter halluzinogen wirkende Substanzen. Das ausgedehnte Kauen auf diesen Trieben kann bei der Katze einen chronisch ged\u00e4mpften Zustand hervorrufen.<\/p>\r\n<p class=\"text\">Vorsicht ist auch bei Schnitt- und Wiesenblumenstr\u00e4u\u00dfen geboten. <strong>Narzissen<\/strong> (Osterglocken) rufen schwere Magen- Darm-Reizungen hervor, unter Umst\u00e4nden auch Kr\u00e4mpfe mit t\u00f6dlichem Ausgang. Als Ziergr\u00fcn werden oft die giftigen Pflanzen <strong>Zypressenwolfsmilch<\/strong> oder <strong>Schleierkraut <\/strong>verwendet.<br \/>\r\n<br \/>\r\nOft werden gerade Schnittblumenstr\u00e4u\u00dfe auch mit Blattspray versch\u00f6nert, bzw. mit Chemikalien behandelt, damit sie l\u00e4nger frisch bleiben. Auch diese Stoffe gelangen beim Knabbern in den Katzenk\u00f6rper<\/p>\r\n<p class=\"text\"><strong>Giftpflanzen in Wohnung und Garten:<\/strong><\/p>\r\n<p class=\"text\">Was wir nur mit den Augen genie\u00dfen, testen Hunde oder Katzen gerne auf seine kulinarische Qualit\u00e4t!<br \/>\r\nWir stellen Ihnen darum eine Auswahl beliebter Garten- und Zimmerpflanzen vor, deren Genuss aber beim Tier Vergiftungserscheinungen, wie Durchfall, Erbrechen bis hin zu ernsthaften Organsch\u00e4digungen f\u00fchren kann:<\/p>\r\n<p class=\"text\"><strong><u>Garten\/Umwelt:<\/u><\/strong><\/p>\r\n<table border=\"1\" cellspacing=\"0\" cellpadding=\"0\">\r\n<tbody>\r\n<tr>\r\n<td width=\"205\"><span class=\"text\"><br \/>\r\n<strong>Deutsche Bezeichnung <\/strong><\/span><\/td>\r\n<td width=\"197\">\r\n<p><span class=\"text\"><strong>Lateinische Bezeichnung <\/strong><\/span><\/p>\r\n<\/td>\r\n<td width=\"212\">\r\n<p><span class=\"text\"><strong>Giftigkeit<\/strong><\/span><\/p>\r\n<\/td>\r\n<\/tr>\r\n<tr>\r\n<td width=\"205\">\r\n<p><span class=\"text\"><strong>Azaleen <\/strong><\/span><\/p>\r\n<\/td>\r\n<td width=\"197\">\r\n<p><span class=\"text\"><strong>Azalea floribunda <\/strong><\/span><\/p>\r\n<\/td>\r\n<td width=\"212\">\r\n<p><span class=\"text\"><strong>giftig <\/strong><\/span><\/p>\r\n<\/td>\r\n<\/tr>\r\n<tr>\r\n<td width=\"205\">\r\n<p><span class=\"text\"><strong>Buchsbaum <\/strong><\/span><\/p>\r\n<\/td>\r\n<td width=\"197\">\r\n<p><span class=\"text\"><strong>Buxus sempervirens <\/strong><\/span><\/p>\r\n<\/td>\r\n<td width=\"212\">\r\n<p><span class=\"text\"><strong>Gering giftig bis giftig <\/strong><\/span><\/p>\r\n<\/td>\r\n<\/tr>\r\n<tr>\r\n<td width=\"205\">\r\n<p><span class=\"text\"><strong>B\u00e4renklau, Riesenb\u00e4renklau <\/strong><\/span><\/p>\r\n<\/td>\r\n<td width=\"197\">\r\n<p><span class=\"text\"><strong>Heracleum sphondylium <\/strong><\/span><\/p>\r\n<\/td>\r\n<td width=\"212\">\r\n<p><span class=\"text\"><strong>Giftig bis sehr giftig <\/strong><\/span><\/p>\r\n<\/td>\r\n<\/tr>\r\n<tr>\r\n<td width=\"205\">\r\n<p><span class=\"text\"><strong>Besenginster <\/strong><\/span><\/p>\r\n<\/td>\r\n<td width=\"197\">\r\n<p><span class=\"text\"><strong>Cytisus scoparius <\/strong><\/span><\/p>\r\n<\/td>\r\n<td width=\"212\">\r\n<p><span class=\"text\"><strong>Gering giftig bis giftig <\/strong><\/span><\/p>\r\n<\/td>\r\n<\/tr>\r\n<tr>\r\n<td width=\"205\">\r\n<p><span class=\"text\"><strong>Blauregen <\/strong><\/span><\/p>\r\n<\/td>\r\n<td width=\"197\">\r\n<p><span class=\"text\"><strong>Wisteria sinensis <\/strong><\/span><\/p>\r\n<\/td>\r\n<td width=\"212\">\r\n<p><span class=\"text\"><strong>Giftig <\/strong><\/span><\/p>\r\n<\/td>\r\n<\/tr>\r\n<tr>\r\n<td width=\"205\">\r\n<p><span class=\"text\"><strong>Christrose <\/strong><\/span><\/p>\r\n<\/td>\r\n<td width=\"197\">\r\n<p><span class=\"text\"><strong>Helleborus niger <\/strong><\/span><\/p>\r\n<\/td>\r\n<td width=\"212\">\r\n<p><span class=\"text\"><strong>Sehr giftig <\/strong><\/span><\/p>\r\n<\/td>\r\n<\/tr>\r\n<tr>\r\n<td width=\"205\">\r\n<p><span class=\"text\"><strong>Eibe <\/strong><\/span><\/p>\r\n<\/td>\r\n<td width=\"197\">\r\n<p><span class=\"text\"><strong>Taxus baccata <\/strong><\/span><\/p>\r\n<\/td>\r\n<td width=\"212\">\r\n<p><span class=\"text\"><strong>Giftig bis\u00a0 sehr giftig <\/strong><\/span><\/p>\r\n<\/td>\r\n<\/tr>\r\n<tr>\r\n<td width=\"205\">\r\n<p><span class=\"text\"><strong>Eisenhut, echter Sturmhut <\/strong><\/span><\/p>\r\n<\/td>\r\n<td width=\"197\">\r\n<p><span class=\"text\"><strong>Aconitum napellus <\/strong><\/span><\/p>\r\n<\/td>\r\n<td width=\"212\">\r\n<p><span class=\"text\"><strong>Sehr giftig <\/strong><\/span><\/p>\r\n<\/td>\r\n<\/tr>\r\n<tr>\r\n<td width=\"205\">\r\n<p><span class=\"text\"><strong>Efeu <\/strong><\/span><\/p>\r\n<\/td>\r\n<td width=\"197\">\r\n<p><span class=\"text\"><strong>Hedera helix <\/strong><\/span><\/p>\r\n<\/td>\r\n<td width=\"212\">\r\n<p><span class=\"text\"><strong>Giftig <\/strong><\/span><\/p>\r\n<\/td>\r\n<\/tr>\r\n<tr>\r\n<td width=\"205\">\r\n<p><span class=\"text\"><strong>Engelstrompete <\/strong><\/span><\/p>\r\n<\/td>\r\n<td width=\"197\">\r\n<p><span class=\"text\"><strong>Brugmansia-Arten <\/strong><\/span><\/p>\r\n<\/td>\r\n<td width=\"212\">\r\n<p><span class=\"text\"><strong>Sehr giftig <\/strong><\/span><\/p>\r\n<\/td>\r\n<\/tr>\r\n<tr>\r\n<td width=\"205\">\r\n<p><span class=\"text\"><strong>Fingerhut <\/strong><\/span><\/p>\r\n<\/td>\r\n<td width=\"197\">\r\n<p><span class=\"text\"><strong>Digitalis purpurea <\/strong><\/span><\/p>\r\n<\/td>\r\n<td width=\"212\">\r\n<p><span class=\"text\"><strong>Giftig bis sehr giftig <\/strong><\/span><\/p>\r\n<\/td>\r\n<\/tr>\r\n<tr>\r\n<td width=\"205\">\r\n<p><span class=\"text\"><strong>Goldregen <\/strong><\/span><\/p>\r\n<\/td>\r\n<td width=\"197\">\r\n<p><span class=\"text\"><strong>Laburnum anagyroides <\/strong><\/span><\/p>\r\n<\/td>\r\n<td width=\"212\">\r\n<p><span class=\"text\"><strong>Giftig bis sehr giftig <\/strong><\/span><\/p>\r\n<\/td>\r\n<\/tr>\r\n<tr>\r\n<td width=\"205\">\r\n<p><span class=\"text\"><strong>Gartenbohne <\/strong><\/span><\/p>\r\n<\/td>\r\n<td width=\"197\">\r\n<p><span class=\"text\"><strong>Phaseolus vulgaris <\/strong><\/span><\/p>\r\n<\/td>\r\n<td width=\"212\">\r\n<p><span class=\"text\"><strong>Sehr giftig <\/strong><\/span><\/p>\r\n<\/td>\r\n<\/tr>\r\n<tr>\r\n<td width=\"205\">\r\n<p><span class=\"text\"><strong>Giftsumach <\/strong><\/span><\/p>\r\n<\/td>\r\n<td width=\"197\">\r\n<p><span class=\"text\"><strong>Toxicodendron radicans <\/strong><\/span><\/p>\r\n<\/td>\r\n<td width=\"212\">\r\n<p><span class=\"text\"><strong>Sehr giftig <\/strong><\/span><\/p>\r\n<\/td>\r\n<\/tr>\r\n<tr>\r\n<td width=\"205\">\r\n<p><span class=\"text\"><strong>Glycine <\/strong><\/span><\/p>\r\n<\/td>\r\n<td width=\"197\">\r\n<p><span class=\"text\"><strong>Wisteria sinensis <\/strong><\/span><\/p>\r\n<\/td>\r\n<td width=\"212\">\r\n<p><span class=\"text\"><strong>Giftig <\/strong><\/span><\/p>\r\n<\/td>\r\n<\/tr>\r\n<tr>\r\n<td width=\"205\">\r\n<p><span class=\"text\"><strong>Gr\u00fcne Bohne <\/strong><\/span><\/p>\r\n<\/td>\r\n<td width=\"197\">\r\n<p><span class=\"text\"><strong>Phaseolus vulgaris <\/strong><\/span><\/p>\r\n<\/td>\r\n<td width=\"212\">\r\n<p><span class=\"text\"><strong>Sehr giftig <\/strong><\/span><\/p>\r\n<\/td>\r\n<\/tr>\r\n<tr>\r\n<td width=\"205\">\r\n<p><span class=\"text\"><strong>Herbstzeitlose <\/strong><\/span><\/p>\r\n<\/td>\r\n<td width=\"197\">\r\n<p><span class=\"text\"><strong>Colchicum autumnale <\/strong><\/span><\/p>\r\n<\/td>\r\n<td width=\"212\">\r\n<p><span class=\"text\"><strong>Sehr giftig <\/strong><\/span><\/p>\r\n<\/td>\r\n<\/tr>\r\n<tr>\r\n<td width=\"205\">\r\n<p><span class=\"text\"><strong>Herkuleskraut <\/strong><\/span><\/p>\r\n<\/td>\r\n<td width=\"197\">\r\n<p><span class=\"text\"><strong>Heracleum mantegazzianum <\/strong><\/span><\/p>\r\n<\/td>\r\n<td width=\"212\">\r\n<p><span class=\"text\"><strong>Giftig bis sehr giftig <\/strong><\/span><\/p>\r\n<\/td>\r\n<\/tr>\r\n<tr>\r\n<td width=\"205\">\r\n<p><span class=\"text\"><strong>Lupine <\/strong><\/span><\/p>\r\n<\/td>\r\n<td width=\"197\">\r\n<p><span class=\"text\"><strong>Lupinus polyphyllos <\/strong><\/span><\/p>\r\n<\/td>\r\n<td width=\"212\">\r\n<p><span class=\"text\"><strong>Giftig <\/strong><\/span><\/p>\r\n<\/td>\r\n<\/tr>\r\n<tr>\r\n<td width=\"205\">\r\n<p><span class=\"text\"><strong>Maigl\u00f6ckchen <\/strong><\/span><\/p>\r\n<\/td>\r\n<td width=\"197\">\r\n<p><span class=\"text\"><strong>Convalleraria majalis <\/strong><\/span><\/p>\r\n<\/td>\r\n<td width=\"212\">\r\n<p><span class=\"text\"><strong>Giftig <\/strong><\/span><\/p>\r\n<\/td>\r\n<\/tr>\r\n<tr>\r\n<td width=\"205\">\r\n<p><span class=\"text\"><strong>Oleander <\/strong><\/span><\/p>\r\n<\/td>\r\n<td width=\"197\">\r\n<p><span class=\"text\"><strong>Nerium Oleander <\/strong><\/span><\/p>\r\n<\/td>\r\n<td width=\"212\">\r\n<p><span class=\"text\"><strong>Giftig bis sehr giftig <\/strong><\/span><\/p>\r\n<\/td>\r\n<\/tr>\r\n<tr>\r\n<td width=\"205\">\r\n<p><span class=\"text\"><strong>Rhododenron, Almrausch <\/strong><\/span><\/p>\r\n<\/td>\r\n<td width=\"197\">\r\n<p><span class=\"text\"><strong>Rhododendron ssp. <\/strong><\/span><\/p>\r\n<\/td>\r\n<td width=\"212\">\r\n<p><span class=\"text\"><strong>Giftig <\/strong><\/span><\/p>\r\n<\/td>\r\n<\/tr>\r\n<tr>\r\n<td width=\"205\">\r\n<p><span class=\"text\"><strong>Stechapfel <\/strong><\/span><\/p>\r\n<\/td>\r\n<td width=\"197\">\r\n<p><span class=\"text\"><strong>Datura stramonium <\/strong><\/span><\/p>\r\n<\/td>\r\n<td width=\"212\">\r\n<p><span class=\"text\"><strong>Sehr giftig <\/strong><\/span><\/p>\r\n<\/td>\r\n<\/tr>\r\n<tr>\r\n<td width=\"205\">\r\n<p><span class=\"text\"><strong>Seidelbast <\/strong><\/span><\/p>\r\n<\/td>\r\n<td width=\"197\">\r\n<p><span class=\"text\"><strong>Daphne mezereum <\/strong><\/span><\/p>\r\n<\/td>\r\n<td width=\"212\">\r\n<p><span class=\"text\"><strong>Sehr giftig <\/strong><\/span><\/p>\r\n<\/td>\r\n<\/tr>\r\n<tr>\r\n<td width=\"205\">\r\n<p><span class=\"text\"><strong>Tulpe <\/strong><\/span><\/p>\r\n<\/td>\r\n<td width=\"197\">\r\n<p><span class=\"text\"><strong>Tulipa gesneriana <\/strong><\/span><\/p>\r\n<\/td>\r\n<td width=\"212\">\r\n<p><span class=\"text\"><strong>Giftig <\/strong><\/span><\/p>\r\n<\/td>\r\n<\/tr>\r\n<tr>\r\n<td width=\"205\">\r\n<p><span class=\"text\"><strong>Tollkirsche <\/strong><\/span><\/p>\r\n<\/td>\r\n<td width=\"197\">\r\n<p><span class=\"text\"><strong>Atropa belladonna <\/strong><\/span><\/p>\r\n<\/td>\r\n<td width=\"212\">\r\n<p><span class=\"text\"><strong>Sehr giftig <\/strong><\/span><\/p>\r\n<\/td>\r\n<\/tr>\r\n<tr>\r\n<td width=\"205\">\r\n<p><span class=\"text\"><strong>Wunderbaum <\/strong><\/span><\/p>\r\n<\/td>\r\n<td width=\"197\">\r\n<p><span class=\"text\"><strong>Ricinus communis <\/strong><\/span><\/p>\r\n<\/td>\r\n<td width=\"212\">\r\n<p><span class=\"text\"><strong>Sehr giftig <\/strong><\/span><\/p>\r\n<\/td>\r\n<\/tr>\r\n<tr>\r\n<td width=\"205\">\r\n<p><span class=\"text\"><strong>Zaun-Thuja <\/strong><\/span><\/p>\r\n<\/td>\r\n<td width=\"197\">\r\n<p><span class=\"text\"><strong>Thuja occidentalis <\/strong><\/span><\/p>\r\n<\/td>\r\n<td width=\"212\">\r\n<p><span class=\"text\"><strong>Giftig <\/strong><\/span><\/p>\r\n<\/td>\r\n<\/tr>\r\n<\/tbody>\r\n<\/table>\r\n<h1 class=\"text\"><strong><u>Zimmerpflanzen:<\/u><\/strong><\/h1>\r\n<table border=\"1\" cellspacing=\"0\" cellpadding=\"0\">\r\n<tbody>\r\n<tr>\r\n<td width=\"205\"><span class=\"text\"><br \/>\r\n<strong>Christusdorn <\/strong><\/span><\/td>\r\n<td width=\"205\">\r\n<p><span class=\"text\"><strong>Ilex aquifolium <\/strong><\/span><\/p>\r\n<\/td>\r\n<td width=\"205\">\r\n<p><span class=\"text\"><strong>giftig <\/strong><\/span><\/p>\r\n<\/td>\r\n<\/tr>\r\n<tr>\r\n<td width=\"205\">\r\n<p><span class=\"text\"><strong>Fensterblatt, Philodendron <\/strong><\/span><\/p>\r\n<\/td>\r\n<td width=\"205\">\r\n<p><span class=\"text\"><strong>Monstera deliciosa <\/strong><\/span><\/p>\r\n<\/td>\r\n<td width=\"205\">\r\n<p><span class=\"text\"><strong>giftig <\/strong><\/span><\/p>\r\n<\/td>\r\n<\/tr>\r\n<tr>\r\n<td width=\"205\">\r\n<p><span class=\"text\"><strong>Gummibaumarten <\/strong><\/span><\/p>\r\n<\/td>\r\n<td width=\"205\">\r\n<p><span class=\"text\"><strong>Ficus <\/strong><\/span><\/p>\r\n<\/td>\r\n<td width=\"205\">\r\n<p><span class=\"text\"><strong>giftig <\/strong><\/span><\/p>\r\n<\/td>\r\n<\/tr>\r\n<tr>\r\n<td width=\"205\">\r\n<p><span class=\"text\"><strong>Korallenb\u00e4umchen <\/strong><\/span><\/p>\r\n<\/td>\r\n<td width=\"205\">\r\n<p><span class=\"text\"><strong>Solanum pseudocapsicum <\/strong><\/span><\/p>\r\n<\/td>\r\n<td width=\"205\">\r\n<p><span class=\"text\"><strong>giftig <\/strong><\/span><\/p>\r\n<\/td>\r\n<\/tr>\r\n<tr>\r\n<td width=\"205\">\r\n<p><span class=\"text\"><strong>Weihnachtsstern <\/strong><\/span><\/p>\r\n<\/td>\r\n<td width=\"205\">\r\n<p><span class=\"text\"><strong>Euphorbia pulcherrima <\/strong><\/span><\/p>\r\n<\/td>\r\n<td width=\"205\">\r\n<p><span class=\"text\"><strong>giftig <\/strong><\/span><\/p>\r\n<\/td>\r\n<\/tr>\r\n<tr>\r\n<td width=\"205\">\r\n<p><span class=\"text\"><strong>Zimmerfarne <\/strong><\/span><\/p>\r\n<\/td>\r\n<td width=\"205\">\r\n<p><span class=\"text\"><strong>z.B. Platycerium <\/strong><\/span><\/p>\r\n<\/td>\r\n<td width=\"205\">\r\n<p><span class=\"text\"><strong>giftig <\/strong><\/span><\/p>\r\n<\/td>\r\n<\/tr>\r\n<tr>\r\n<td width=\"205\">\r\n<p><span class=\"text\"><strong>Zimmercalla <\/strong><\/span><\/p>\r\n<\/td>\r\n<td width=\"205\">\r\n<p><span class=\"text\"><strong>Zantedeschia aethiopica <\/strong><\/span><\/p>\r\n<\/td>\r\n<td width=\"205\">\r\n<p><span class=\"text\"><strong>giftig <\/strong><\/span><\/p>\r\n<\/td>\r\n<\/tr>\r\n<\/tbody>\r\n<\/table>\r\n<h1 class=\"text\"><strong>Giftige Zier- und wildwachsende Pflanzen:<\/strong><\/h1>\r\n<p><span class=\"text\">Auch in manchen G\u00e4rten und in der Natur findet man viele Pflanzen, die giftig sind. Vergiftungen durch diese Arten betreffen in erster Linie Hunde (wenn sie beispielsweise mit Zweigen spielen und daran herumbei\u00dfen), sowie Pflanzenfresser wie Pferd oder Rind.<\/span><\/p>\r\n<p class=\"text\">Hochgiftig sind <strong>alle Teile der Eibe<\/strong> mit Ausnahme der roten Samenm\u00e4ntel (Scheinbeeren). Vergiftungssymptome treten nach etwa einer Stunde auf: Erbrechen, Kolik, Herz- und Atemfrequenz beschleunigt, dann oberfl\u00e4chliche Atmung und Blutdruckabfall, schlie\u00dflich Tod durch Ateml\u00e4hmung.<br \/>\r\n<br \/>\r\nDer ebenfalls stark giftige <strong>Goldregen<\/strong> weist den h\u00f6chsten Giftgehalt in seinen reifen Samen auf, von denen schon einige wenige t\u00f6dlich wirken. Nach Brennen im Maul- und Rachenbereich kommt es zu meist lang anhaltendem, blutigem Erbrechen, L\u00e4hmungen und zum Tod durch Ateml\u00e4hmung.<\/p>\r\n<p class=\"text\">T\u00f6dliche Vergiftungen entstehen auch durch den <strong>Buchsbaum<\/strong>. Erste Vergiftungszeichen sind Erbrechen, Durchfall und starke Kr\u00e4mpfe. Der Tod tritt durch Kreislaufversagen und Ateml\u00e4hmung ein. \u00c4hnliche Symptome finden sich bei einer Vergiftung durch <strong>F\u00e4rberginster<\/strong>.<\/p>\r\n<p class=\"text\">Der <strong>Oleander <\/strong>enth\u00e4lt wie <strong>Fingerhut<\/strong> und <strong>Adonisr\u00f6schen<\/strong> herzwirksame Stoffe. Sie bewirken zun\u00e4chst eine Reizung des Magen- Darm-Traktes mit Erbrechen und Durchfall, gefolgt von Herzrhythmusst\u00f6rungen, verlangsamtem Puls und Atemnot. Bereits wenige Stunden nach der Aufnahme kann der Tod durch Herzstillstand eintreten.<\/p>\r\n<p class=\"text\">Als weitere giftige Pflanzen sind zu nennen:<br \/>\r\nEisenhut &#8211; besonders gef\u00e4hrlich ist hier der <strong>blaue Eisenhut.<\/strong> T\u00f6dliche Dosis: 5 g der Wurzel durch das Gift Akonitin. Nach u.a. Speicheln und Durchfall kann der Tod durch Kammerflimmern des Herzens eintreten.<\/p>\r\n<p class=\"text\"><strong>Fingerhut, Maigl\u00f6ckchen: <\/strong>sie enthalten wie der Oleander sog. Herzglykoside. Beschwerden sind u. a. Erbrechen und Durchfall, in schweren F\u00e4llen tritt der Tod durch Herzstillstand ein.<br \/>\r\n<br \/>\r\n<strong>Hortensie: <\/strong>sie enth\u00e4lt neben Saponinen auch blaus\u00e4ureabspaltende Stoffe, und ihr Verzehr hat z.B. eine Magen- Darm- Entz\u00fcndung mit blutigem Durchfall zur Folge.<\/p>\r\n<p><span class=\"text\"><strong>Wunderbaum<\/strong> (aus ihm wird Rizinus\u00f6l gewonnen): Haupttoxin ist das Toxalbumin Ricin in den nussartig schmeckenden Samen. Eine schwere Magen- Darm-Entz\u00fcndung, sowie eine Sch\u00e4digung von Leber und Nieren kann nach Genu\u00df erfolgen. T\u00f6dliche Dosis: 1-3 g Samen pro kg K\u00f6rpermasse.<br \/>\r\nZu den giftigen Wald- und Wiesenblumen z\u00e4hlen Buschwindr\u00f6schen, scharfer Hahnenfu\u00df (&#8220;Butterblume&#8221;), Trollblume, Leberbl\u00fcmchen und Rainfarn.<\/span><\/p>","protected":false},"excerpt":{"rendered":"<p>Vorsicht, giftige Zimmerpflanzen! Wir k\u00f6nnen oft Katzen oder Hunde bei der Aufnahme von Pflanzen, vor allem von Gras beobachten. Warum sie dies tun, ist nicht sicher gekl\u00e4rt. Den Hunden sagt man nach, sie wollten damit den Magen &#8220;reinigen&#8221;. Bei der Katze sollen die pflanzlichen Fasern die Ausscheidung von Haarballen f\u00f6rdern und sie mit Mineralien und [&hellip;]<\/p>\n","protected":false},"author":1,"featured_media":0,"parent":13,"menu_order":0,"comment_status":"closed","ping_status":"closed","template":"","meta":{"footnotes":""},"class_list":["post-182","page","type-page","status-publish","hentry"],"_links":{"self":[{"href":"https:\/\/claudias-haustierbetreuung.at\/index.php?rest_route=\/wp\/v2\/pages\/182","targetHints":{"allow":["GET"]}}],"collection":[{"href":"https:\/\/claudias-haustierbetreuung.at\/index.php?rest_route=\/wp\/v2\/pages"}],"about":[{"href":"https:\/\/claudias-haustierbetreuung.at\/index.php?rest_route=\/wp\/v2\/types\/page"}],"author":[{"embeddable":true,"href":"https:\/\/claudias-haustierbetreuung.at\/index.php?rest_route=\/wp\/v2\/users\/1"}],"replies":[{"embeddable":true,"href":"https:\/\/claudias-haustierbetreuung.at\/index.php?rest_route=%2Fwp%2Fv2%2Fcomments&post=182"}],"version-history":[{"count":2,"href":"https:\/\/claudias-haustierbetreuung.at\/index.php?rest_route=\/wp\/v2\/pages\/182\/revisions"}],"predecessor-version":[{"id":184,"href":"https:\/\/claudias-haustierbetreuung.at\/index.php?rest_route=\/wp\/v2\/pages\/182\/revisions\/184"}],"up":[{"embeddable":true,"href":"https:\/\/claudias-haustierbetreuung.at\/index.php?rest_route=\/wp\/v2\/pages\/13"}],"wp:attachment":[{"href":"https:\/\/claudias-haustierbetreuung.at\/index.php?rest_route=%2Fwp%2Fv2%2Fmedia&parent=182"}],"curies":[{"name":"wp","href":"https:\/\/api.w.org\/{rel}","templated":true}]}}